{"id":1437,"date":"2024-10-28T09:41:07","date_gmt":"2024-10-28T08:41:07","guid":{"rendered":"https:\/\/www.werbewelle.at\/impresszum\/"},"modified":"2025-06-17T14:32:30","modified_gmt":"2025-06-17T12:32:30","slug":"impresszum","status":"publish","type":"page","link":"https:\/\/www.werbewelle.at\/hu\/impresszum\/","title":{"rendered":"Impresszum"},"content":{"rendered":"\n<div class=\"wp-block-uagb-container uagb-block-6bb2ccca alignfull uagb-is-root-container\"><div class=\"uagb-container-inner-blocks-wrap\">\n<div class=\"wp-block-uagb-info-box uagb-block-197e473e uagb-infobox__content-wrap  uagb-infobox-icon-above-title uagb-infobox-image-valign-top tablet-font-small\"><div class=\"uagb-ifb-content\"><div class=\"uagb-ifb-title-wrap\"><\/div><p class=\"uagb-ifb-desc\">\/ Werbewelle.<\/p><\/div><\/div>\n\n\n\n<div class=\"wp-block-uagb-container uagb-block-6ce9eb47\">\n<div class=\"wp-block-uagb-info-box uagb-block-c2a0262d uagb-infobox__content-wrap  uagb-infobox-icon-above-title uagb-infobox-image-valign-top\"><div class=\"uagb-ifb-content\"><div class=\"uagb-ifb-title-wrap\"><h2 class=\"uagb-ifb-title\">Impresszum<\/h2><\/div><\/div><\/div>\n<\/div>\n<\/div><\/div>\n\n<div class=\"wp-block-uagb-container uagb-block-8d8dd9a6 alignfull uagb-is-root-container\"><div class=\"uagb-container-inner-blocks-wrap\">\n<div class=\"wp-block-uagb-info-box uagb-block-3d1a1f0a uagb-infobox__content-wrap  uagb-infobox-icon-above-title uagb-infobox-image-valign-top tablet-font-small\"><div class=\"uagb-ifb-content\"><div class=\"uagb-ifb-title-wrap\"><\/div><p class=\"uagb-ifb-desc\">S\u00e4mtliche Texte, Fotos und Bilder sind Eigentum der Werbeagentur\u00a0Werbewelle OG und d\u00fcrfen nur mit schriftlicher Genehmigung verwendet werden.<br\/><br\/>Werbewelle OG<br\/>Homanngasse 6 \/ Top 5 | 8700 Leoben<br\/>Katharina Wassler, Maximilian Wassler, Patrick Veronik<br\/>agentur@werbewelle.at<br\/><a href=\"tel:00436769234469\">+43 676 9234469<\/a><br\/>FN: 622267z<br\/>UID: ATU 80393708<br\/>Gericht: Landesgericht Leoben<br\/><br\/><strong>DISCLAIMER<\/strong><br\/>Der Schutz Ihrer pers\u00f6nlichen Daten ist uns ein besonderes Anliegen. Wir verarbeiten Ihre Daten daher ausschlie\u00dflich auf Grundlage der gesetzlichen Bestimmungen (DSGVO, TKG 2003). In diesen Datenschutzinformationen informieren wir Sie \u00fcber die wichtigsten Aspekte der Datenverarbeitung im Rahmen unserer Website.<br\/><br\/><strong>Kontakt mit uns<\/strong><br\/>Wenn Sie per Formular auf der Website oder per E-Mail Kontakt mit uns aufnehmen, werden Ihre angegebenen Daten zwecks Bearbeitung der Anfrage und f\u00fcr den Fall von Anschlussfragen sechs Monate bei uns gespeichert. Diese Daten geben wir nicht ohne Ihre Einwilligung weiter.<br\/><br\/><strong>Urheberrecht\/Leistungsschutzrecht<\/strong><br\/>Die auf dieser Webseite ver\u00f6ffentlichten Inhalte, Werke und bereitgestellten Informationen unterliegen dem Urheberrecht und Leistungsschutzrecht. Jede Art der Vervielf\u00e4ltigung, Bearbeitung, Verbreitung, Einspeicherung und jede Art der Verwertung au\u00dferhalb der Grenzen des Urheberrechts bedarf der vorherigen schriftlichen Zustimmung des jeweiligen Rechteinhabers. Das unerlaubte Kopieren\/Speichern der bereitgestellten Informationen auf diesen Webseiten ist nicht gestattet und strafbar.\u00a0<br\/>\u200b<br\/>Alle Texte, Bilder, Grafiken, Multimediadateien sowie das Layout der Website von Katharina Wassler unterliegen den Gesetzen zum Schutz geistigen Eigentums, insbesondere dem internationalen Urheberrecht. Eine Weiterverwendung in welcher Form auch immer bedarf der ausdr\u00fccklichen Zustimmung von Katharina Wassler. Downloads und Kopien dieser Seite sind sowohl f\u00fcr den privaten, als auch kommerziellen Gebrauch nicht gestattet und werden bei Versto\u00df rechtlich geahndet.<br\/>\u200b<br\/><strong>Cookies<\/strong><br\/>Unsere Website verwendet so genannte Cookies. Dabei handelt es sich um kleine Textdateien, die mit Hilfe des Browsers auf Ihrem Endger\u00e4t abgelegt werden. Sie richten keinen Schaden an.\u00a0<br\/>Wir nutzen Cookies dazu, unser Angebot nutzerfreundlich zu gestalten. Einige Cookies bleiben auf Ihrem Endger\u00e4t gespeichert, bis Sie diese l\u00f6schen. Sie erm\u00f6glichen es uns, Ihren Browser beim n\u00e4chsten Besuch wiederzuerkennen.<br\/>Wenn Sie dies nicht w\u00fcnschen, so k\u00f6nnen Sie Ihren Browser so einrichten, dass er Sie \u00fcber das Setzen von Cookies informiert und Sie dies nur im Einzelfall erlauben.\u00a0<br\/>Bei der Deaktivierung von Cookies kann die Funktionalit\u00e4t unserer Website eingeschr\u00e4nkt sein.<br\/>\u200b<br\/><strong>Web-Analyse<\/strong><br\/>Unsere Website verwendet Funktionen des Webanalysedienstes \u2026\u00a0[Name des Tools und Firma des Anbieters samt Unternehmenssitz einschlie\u00dflich Information, ob Daten an ein (au\u00dfereurop\u00e4isches) Drittland \u00fcbertragen werden].\u00a0Dazu werden Cookies verwendet, die eine Analyse der Benutzung der Website durch Ihre Benutzer erm\u00f6glicht. Die dadurch erzeugten Informationen werden auf den Server des Anbieters \u00fcbertragen und dort gespeichert.\u00a0<br\/>Sie k\u00f6nnen dies verhindern, indem Sie Ihren Browser so einrichten, dass keine Cookies gespeichert werden.\u00a0<br\/>Wir haben mit dem Anbieter einen entsprechenden Vertrag zur Auftragsdatenverarbeitung abgeschlossen.<br\/>{Nutzung von IP-Adressen auf Basis der Rechtsgrundlage \u201eberechtigtes Interesse\u201c; in diesem Fall wird eine Pseudonymisierung empfohlen:}\u00a0Ihre IP-Adresse wird erfasst, aber umgehend [zB durch L\u00f6schung der letzten 8 Bit] pseudonymisiert. Dadurch ist nur mehr eine grobe Lokalisierung m\u00f6glich.<br\/>{Bei au\u00dfereurop\u00e4ischen Anbietern:}Die Beziehung zum Webanalyseanbieter basiert auf \u2026\u00a0[Standardvertragsklauseln\/einem Angemessenheitsbeschluss der Europ\u00e4ischen Kommission (zB im Fall der USA: \u201ePrivacy Shield\u201c)].<br\/>Die Datenverarbeitung erfolgt auf Basis der gesetzlichen Bestimmungen des \u00a7 96 Abs 3 TKG sowie des Art 6 Abs 1 lit a (Einwilligung) und\/oder f (berechtigtes Interesse) der DSGVO.\u00a0<br\/>Unser Anliegen im Sinne der DSGVO (berechtigtes Interesse) ist die Verbesserung unseres Angebotes und unseres Webauftritts. Da uns die Privatsph\u00e4re unserer Nutzer wichtig ist, werden die Nutzerdaten pseudonymisiert [Pseudonymisierung wird beim Rechtsgrund \u201eberechtigtes Interesse\u201c empfohlen; dies muss mit dem Webanalysedienst abgekl\u00e4rt werden].<br\/>Die Nutzerdaten werden f\u00fcr die Dauer von \u2026 [Speicherfrist angeben] aufbewahrt [dies muss mit dem Webanalysedienst abgekl\u00e4rt werden].<br\/><br\/><strong>Ihre Rechte<\/strong><br\/>Ihnen stehen bez\u00fcglich Ihrer bei uns gespeicherten Daten grunds\u00e4tzlich die Rechte auf\u00a0Auskunft, Berichtigung, L\u00f6schung, Einschr\u00e4nkung, Daten\u00fcbertragbarkeit, Widerruf und Widerspruch zu. Wenn Sie glauben, dass die Verarbeitung Ihrer Daten gegen das Datenschutzrecht verst\u00f6\u00dft oder Ihre datenschutzrechtlichen Anspr\u00fcche sonst in einer Weise verletzt worden sind, k\u00f6nnen Sie sich bei uns\u00a0agentur@werbewelle.at oder der Datenschutzbeh\u00f6rde beschweren.<\/p><\/div><\/div>\n<\/div><\/div>\n","protected":false},"excerpt":{"rendered":"","protected":false},"author":1,"featured_media":0,"parent":0,"menu_order":0,"comment_status":"closed","ping_status":"closed","template":"","meta":{"_uag_custom_page_level_css":"","site-sidebar-layout":"default","site-content-layout":"","ast-site-content-layout":"","site-content-style":"default","site-sidebar-style":"default","ast-global-header-display":"","ast-banner-title-visibility":"","ast-main-header-display":"","ast-hfb-above-header-display":"","ast-hfb-below-header-display":"","ast-hfb-mobile-header-display":"","site-post-title":"disabled","ast-breadcrumbs-content":"","ast-featured-img":"","footer-sml-layout":"","theme-transparent-header-meta":"","adv-header-id-meta":"","stick-header-meta":"","header-above-stick-meta":"","header-main-stick-meta":"","header-below-stick-meta":"","astra-migrate-meta-layouts":"default","ast-page-background-enabled":"default","ast-page-background-meta":{"desktop":{"background-color":"var(--ast-global-color-4)","background-image":"","background-repeat":"repeat","background-position":"center center","background-size":"auto","background-attachment":"scroll","background-type":"","background-media":"","overlay-type":"","overlay-color":"","overlay-opacity":"","overlay-gradient":""},"tablet":{"background-color":"","background-image":"","background-repeat":"repeat","background-position":"center center","background-size":"auto","background-attachment":"scroll","background-type":"","background-media":"","overlay-type":"","overlay-color":"","overlay-opacity":"","overlay-gradient":""},"mobile":{"background-color":"","background-image":"","background-repeat":"repeat","background-position":"center center","background-size":"auto","background-attachment":"scroll","background-type":"","background-media":"","overlay-type":"","overlay-color":"","overlay-opacity":"","overlay-gradient":""}},"ast-content-background-meta":{"desktop":{"background-color":"var(--ast-global-color-5)","background-image":"","background-repeat":"repeat","background-position":"center center","background-size":"auto","background-attachment":"scroll","background-type":"","background-media":"","overlay-type":"","overlay-color":"","overlay-opacity":"","overlay-gradient":""},"tablet":{"background-color":"var(--ast-global-color-5)","background-image":"","background-repeat":"repeat","background-position":"center center","background-size":"auto","background-attachment":"scroll","background-type":"","background-media":"","overlay-type":"","overlay-color":"","overlay-opacity":"","overlay-gradient":""},"mobile":{"background-color":"var(--ast-global-color-5)","background-image":"","background-repeat":"repeat","background-position":"center center","background-size":"auto","background-attachment":"scroll","background-type":"","background-media":"","overlay-type":"","overlay-color":"","overlay-opacity":"","overlay-gradient":""}},"footnotes":""},"class_list":["post-1437","page","type-page","status-publish","hentry"],"yoast_head":"<!-- This site is optimized with the Yoast SEO plugin v25.6 - https:\/\/yoast.com\/wordpress\/plugins\/seo\/ -->\n<title>Impresszum - we are werbewelle - Wasser mit deinem Design<\/title>\n<meta name=\"robots\" content=\"index, follow, max-snippet:-1, max-image-preview:large, max-video-preview:-1\" \/>\n<link rel=\"canonical\" href=\"https:\/\/www.werbewelle.at\/hu\/impresszum\/\" \/>\n<meta property=\"og:locale\" content=\"hu_HU\" \/>\n<meta property=\"og:type\" content=\"article\" \/>\n<meta property=\"og:title\" content=\"Impresszum - we are werbewelle - Wasser mit deinem Design\" \/>\n<meta property=\"og:url\" content=\"https:\/\/www.werbewelle.at\/hu\/impresszum\/\" \/>\n<meta property=\"og:site_name\" content=\"we are werbewelle - Wasser mit deinem Design\" \/>\n<meta property=\"article:modified_time\" content=\"2025-06-17T12:32:30+00:00\" \/>\n<meta name=\"twitter:card\" content=\"summary_large_image\" \/>\n<meta name=\"twitter:label1\" content=\"Becs\u00fclt olvas\u00e1si id\u0151\" \/>\n\t<meta name=\"twitter:data1\" content=\"3 perc\" \/>\n<script type=\"application\/ld+json\" class=\"yoast-schema-graph\">{\"@context\":\"https:\/\/schema.org\",\"@graph\":[{\"@type\":\"WebPage\",\"@id\":\"https:\/\/www.werbewelle.at\/hu\/impresszum\/\",\"url\":\"https:\/\/www.werbewelle.at\/hu\/impresszum\/\",\"name\":\"Impresszum - we are werbewelle - Wasser mit deinem Design\",\"isPartOf\":{\"@id\":\"https:\/\/www.werbewelle.at\/hu\/#website\"},\"datePublished\":\"2024-10-28T08:41:07+00:00\",\"dateModified\":\"2025-06-17T12:32:30+00:00\",\"breadcrumb\":{\"@id\":\"https:\/\/www.werbewelle.at\/hu\/impresszum\/#breadcrumb\"},\"inLanguage\":\"hu\",\"potentialAction\":[{\"@type\":\"ReadAction\",\"target\":[\"https:\/\/www.werbewelle.at\/hu\/impresszum\/\"]}]},{\"@type\":\"BreadcrumbList\",\"@id\":\"https:\/\/www.werbewelle.at\/hu\/impresszum\/#breadcrumb\",\"itemListElement\":[{\"@type\":\"ListItem\",\"position\":1,\"name\":\"Home\",\"item\":\"https:\/\/www.werbewelle.at\/hu\/we-are-werbewelle-viz-az-oen-tervevel\/\"},{\"@type\":\"ListItem\",\"position\":2,\"name\":\"Impresszum\"}]},{\"@type\":\"WebSite\",\"@id\":\"https:\/\/www.werbewelle.at\/hu\/#website\",\"url\":\"https:\/\/www.werbewelle.at\/hu\/\",\"name\":\"we are werbewelle - Wasser mit einem Design\",\"description\":\"\",\"publisher\":{\"@id\":\"https:\/\/www.werbewelle.at\/hu\/#organization\"},\"potentialAction\":[{\"@type\":\"SearchAction\",\"target\":{\"@type\":\"EntryPoint\",\"urlTemplate\":\"https:\/\/www.werbewelle.at\/hu\/?s={search_term_string}\"},\"query-input\":{\"@type\":\"PropertyValueSpecification\",\"valueRequired\":true,\"valueName\":\"search_term_string\"}}],\"inLanguage\":\"hu\"},{\"@type\":\"Organization\",\"@id\":\"https:\/\/www.werbewelle.at\/hu\/#organization\",\"name\":\"Werbewelle OG\",\"url\":\"https:\/\/www.werbewelle.at\/hu\/\",\"logo\":{\"@type\":\"ImageObject\",\"inLanguage\":\"hu\",\"@id\":\"https:\/\/www.werbewelle.at\/hu\/#\/schema\/logo\/image\/\",\"url\":\"https:\/\/www.werbewelle.at\/wp-content\/uploads\/2024\/11\/cropped-Favicon.png\",\"contentUrl\":\"https:\/\/www.werbewelle.at\/wp-content\/uploads\/2024\/11\/cropped-Favicon.png\",\"width\":512,\"height\":512,\"caption\":\"Werbewelle OG\"},\"image\":{\"@id\":\"https:\/\/www.werbewelle.at\/hu\/#\/schema\/logo\/image\/\"}}]}<\/script>\n<!-- \/ Yoast SEO plugin. -->","yoast_head_json":{"title":"Impresszum - we are werbewelle - Wasser mit deinem Design","robots":{"index":"index","follow":"follow","max-snippet":"max-snippet:-1","max-image-preview":"max-image-preview:large","max-video-preview":"max-video-preview:-1"},"canonical":"https:\/\/www.werbewelle.at\/hu\/impresszum\/","og_locale":"hu_HU","og_type":"article","og_title":"Impresszum - we are werbewelle - Wasser mit deinem Design","og_url":"https:\/\/www.werbewelle.at\/hu\/impresszum\/","og_site_name":"we are werbewelle - Wasser mit deinem Design","article_modified_time":"2025-06-17T12:32:30+00:00","twitter_card":"summary_large_image","twitter_misc":{"Becs\u00fclt olvas\u00e1si id\u0151":"3 perc"},"schema":{"@context":"https:\/\/schema.org","@graph":[{"@type":"WebPage","@id":"https:\/\/www.werbewelle.at\/hu\/impresszum\/","url":"https:\/\/www.werbewelle.at\/hu\/impresszum\/","name":"Impresszum - we are werbewelle - Wasser mit deinem Design","isPartOf":{"@id":"https:\/\/www.werbewelle.at\/hu\/#website"},"datePublished":"2024-10-28T08:41:07+00:00","dateModified":"2025-06-17T12:32:30+00:00","breadcrumb":{"@id":"https:\/\/www.werbewelle.at\/hu\/impresszum\/#breadcrumb"},"inLanguage":"hu","potentialAction":[{"@type":"ReadAction","target":["https:\/\/www.werbewelle.at\/hu\/impresszum\/"]}]},{"@type":"BreadcrumbList","@id":"https:\/\/www.werbewelle.at\/hu\/impresszum\/#breadcrumb","itemListElement":[{"@type":"ListItem","position":1,"name":"Home","item":"https:\/\/www.werbewelle.at\/hu\/we-are-werbewelle-viz-az-oen-tervevel\/"},{"@type":"ListItem","position":2,"name":"Impresszum"}]},{"@type":"WebSite","@id":"https:\/\/www.werbewelle.at\/hu\/#website","url":"https:\/\/www.werbewelle.at\/hu\/","name":"we are werbewelle - Wasser mit einem Design","description":"","publisher":{"@id":"https:\/\/www.werbewelle.at\/hu\/#organization"},"potentialAction":[{"@type":"SearchAction","target":{"@type":"EntryPoint","urlTemplate":"https:\/\/www.werbewelle.at\/hu\/?s={search_term_string}"},"query-input":{"@type":"PropertyValueSpecification","valueRequired":true,"valueName":"search_term_string"}}],"inLanguage":"hu"},{"@type":"Organization","@id":"https:\/\/www.werbewelle.at\/hu\/#organization","name":"Werbewelle OG","url":"https:\/\/www.werbewelle.at\/hu\/","logo":{"@type":"ImageObject","inLanguage":"hu","@id":"https:\/\/www.werbewelle.at\/hu\/#\/schema\/logo\/image\/","url":"https:\/\/www.werbewelle.at\/wp-content\/uploads\/2024\/11\/cropped-Favicon.png","contentUrl":"https:\/\/www.werbewelle.at\/wp-content\/uploads\/2024\/11\/cropped-Favicon.png","width":512,"height":512,"caption":"Werbewelle OG"},"image":{"@id":"https:\/\/www.werbewelle.at\/hu\/#\/schema\/logo\/image\/"}}]}},"uagb_featured_image_src":{"full":false,"thumbnail":false,"medium":false,"medium_large":false,"large":false,"1536x1536":false,"2048x2048":false},"uagb_author_info":{"display_name":"meaitservices","author_link":"https:\/\/www.werbewelle.at\/hu\/author\/meaitservices\/"},"uagb_comment_info":0,"uagb_excerpt":null,"_links":{"self":[{"href":"https:\/\/www.werbewelle.at\/hu\/wp-json\/wp\/v2\/pages\/1437","targetHints":{"allow":["GET"]}}],"collection":[{"href":"https:\/\/www.werbewelle.at\/hu\/wp-json\/wp\/v2\/pages"}],"about":[{"href":"https:\/\/www.werbewelle.at\/hu\/wp-json\/wp\/v2\/types\/page"}],"author":[{"embeddable":true,"href":"https:\/\/www.werbewelle.at\/hu\/wp-json\/wp\/v2\/users\/1"}],"replies":[{"embeddable":true,"href":"https:\/\/www.werbewelle.at\/hu\/wp-json\/wp\/v2\/comments?post=1437"}],"version-history":[{"count":1,"href":"https:\/\/www.werbewelle.at\/hu\/wp-json\/wp\/v2\/pages\/1437\/revisions"}],"predecessor-version":[{"id":1438,"href":"https:\/\/www.werbewelle.at\/hu\/wp-json\/wp\/v2\/pages\/1437\/revisions\/1438"}],"wp:attachment":[{"href":"https:\/\/www.werbewelle.at\/hu\/wp-json\/wp\/v2\/media?parent=1437"}],"curies":[{"name":"wp","href":"https:\/\/api.w.org\/{rel}","templated":true}]}}